{"id":269,"date":"2025-11-20T13:34:25","date_gmt":"2025-11-20T18:34:25","guid":{"rendered":"https:\/\/jdgemelosinmobiliarios.com\/?page_id=269"},"modified":"2025-11-23T19:43:55","modified_gmt":"2025-11-24T00:43:55","slug":"nosotros","status":"publish","type":"page","link":"https:\/\/jdgemelosinmobiliarios.com\/index.php\/nosotros\/","title":{"rendered":"nosotros"},"content":{"rendered":"\n<div class=\"wp-block-stackable-columns alignfull stk-block-columns stk-block stk-0f3050e stk-block-background\" data-block-id=\"0f3050e\"><style>.stk-0f3050e {padding-top:var(--stk--preset--spacing--70, 3.38rem) !important;padding-right:var(--stk--preset--spacing--70, 3.38rem) !important;padding-bottom:var(--stk--preset--spacing--70, 3.38rem) !important;padding-left:var(--stk--preset--spacing--70, 3.38rem) !important;margin-bottom:0px !important;}<\/style><div class=\"stk-row stk-inner-blocks stk-block-content stk-content-align stk-0f3050e-column alignwide\">\n<div class=\"wp-block-stackable-column stk-block-column stk-column stk-block stk-5be21b7\" data-v=\"4\" data-block-id=\"5be21b7\"><style>.stk-5be21b7 {align-self:center !important;}@media screen and (min-width: 768px){.stk-5be21b7 {flex:var(--stk-flex-grow, 1) 1 calc(40% - var(--stk-column-gap, 0px) * 1 \/ 2 ) !important;}}<\/style><div class=\"stk-column-wrapper stk-block-column__content stk-container stk-5be21b7-container stk--no-background stk--no-padding\"><div class=\"stk-block-content stk-inner-blocks stk-5be21b7-inner-blocks\">\n<div class=\"wp-block-stackable-heading stk-block-heading stk-block-heading--v2 stk-block stk-bb03633\" id=\"heading-placeholder\" data-block-id=\"bb03633\"><h2 class=\"stk-block-heading__text\">Conectamos personas con sus pr\u00f3ximos hogares<\/h2><\/div>\n\n\n\n<div class=\"wp-block-stackable-text stk-block-text stk-block stk-df993d6\" data-block-id=\"df993d6\"><p class=\"stk-block-text__text\">Soluciones inmobiliarias seguras, r\u00e1pidas y sin complicaciones..<\/p><\/div>\n\n\n\n<div class=\"wp-block-stackable-button-group stk-block-button-group stk-block stk-43cf2bb\" data-block-id=\"43cf2bb\"><div class=\"stk-row stk-inner-blocks stk-block-content stk-button-group\">\n<div class=\"wp-block-stackable-button stk-block-button stk-block stk-25644fd\" data-block-id=\"25644fd\"><a class=\"stk-link stk-button stk--hover-effect-darken\" href=\"\"><span class=\"stk-button__inner-text\">Cont\u00e1ctanos<\/span><\/a><\/div>\n<\/div><\/div>\n<\/div><\/div><\/div>\n\n\n\n<div class=\"wp-block-stackable-column stk-block-column stk-column stk-block stk-8baf02f\" data-v=\"4\" data-block-id=\"8baf02f\"><style>@media screen and (min-width: 768px){.stk-8baf02f {flex:var(--stk-flex-grow, 1) 1 calc(60% - var(--stk-column-gap, 0px) * 1 \/ 2 ) !important;}}<\/style><div class=\"stk-column-wrapper stk-block-column__content stk-container stk-8baf02f-container stk--no-background stk--no-padding\"><div class=\"stk-block-content stk-inner-blocks stk-8baf02f-inner-blocks\">\n<div class=\"wp-block-stackable-columns stk-block-columns stk-block stk-855449a\" data-block-id=\"855449a\"><div class=\"stk-row stk-inner-blocks stk-block-content stk-content-align stk-855449a-column\">\n<div class=\"wp-block-stackable-column stk-block-column stk-column stk-block stk-ce87dd3\" data-v=\"4\" data-block-id=\"ce87dd3\"><div class=\"stk-column-wrapper stk-block-column__content stk-container stk-ce87dd3-container stk--no-background stk--no-padding\"><div class=\"stk-block-content stk-inner-blocks stk-ce87dd3-inner-blocks\">\n<div class=\"wp-block-stackable-image stk-block-image stk-block stk-adf69b3\" data-block-id=\"adf69b3\"><style>.stk-adf69b3 .stk-img-wrapper{aspect-ratio:2\/3 !important;height:auto !important;}@media screen and (max-width: 1023px){.stk-adf69b3 .stk-img-wrapper{height:auto !important;}}@media screen and (max-width: 767px){.stk-adf69b3 .stk-img-wrapper{height:auto !important;}}<\/style><figure><span class=\"stk-img-wrapper stk-image--shape-stretch\"><img loading=\"lazy\" decoding=\"async\" class=\"stk-img wp-image-339\" src=\"https:\/\/jdgemelosinmobiliarios.com\/wp-content\/uploads\/2025\/11\/2-4.png\" width=\"555\" height=\"700\" srcset=\"https:\/\/jdgemelosinmobiliarios.com\/wp-content\/uploads\/2025\/11\/2-4.png 555w, https:\/\/jdgemelosinmobiliarios.com\/wp-content\/uploads\/2025\/11\/2-4-238x300.png 238w, https:\/\/jdgemelosinmobiliarios.com\/wp-content\/uploads\/2025\/11\/2-4-476x600.png 476w\" sizes=\"auto, (max-width: 555px) 100vw, 555px\" \/><\/span><\/figure><\/div>\n<\/div><\/div><\/div>\n\n\n\n<div class=\"wp-block-stackable-column stk-block-column stk-column stk-block stk-1c667ba\" data-v=\"4\" data-block-id=\"1c667ba\"><style>.stk-1c667ba {margin-top:50px !important;}<\/style><div class=\"stk-column-wrapper stk-block-column__content stk-container stk-1c667ba-container stk--no-background stk--no-padding\"><div class=\"stk-block-content stk-inner-blocks stk-1c667ba-inner-blocks\">\n<div class=\"wp-block-stackable-image stk-block-image stk-block stk-98fec45\" data-block-id=\"98fec45\"><style>.stk-98fec45 .stk-img-wrapper{aspect-ratio:2\/3 !important;height:auto !important;}@media screen and (max-width: 1023px){.stk-98fec45 .stk-img-wrapper{height:auto !important;}}@media screen and (max-width: 767px){.stk-98fec45 .stk-img-wrapper{height:auto !important;}}<\/style><figure><span class=\"stk-img-wrapper stk-image--shape-stretch\"><img loading=\"lazy\" decoding=\"async\" class=\"stk-img wp-image-223\" src=\"https:\/\/jdgemelosinmobiliarios.com\/wp-content\/uploads\/2021\/11\/Captura-de-pantalla-2025-11-18-112650-3.png\" width=\"565\" height=\"709\" srcset=\"https:\/\/jdgemelosinmobiliarios.com\/wp-content\/uploads\/2021\/11\/Captura-de-pantalla-2025-11-18-112650-3.png 565w, https:\/\/jdgemelosinmobiliarios.com\/wp-content\/uploads\/2021\/11\/Captura-de-pantalla-2025-11-18-112650-3-239x300.png 239w, https:\/\/jdgemelosinmobiliarios.com\/wp-content\/uploads\/2021\/11\/Captura-de-pantalla-2025-11-18-112650-3-478x600.png 478w\" sizes=\"auto, (max-width: 565px) 100vw, 565px\" \/><\/span><\/figure><\/div>\n<\/div><\/div><\/div>\n<\/div><\/div>\n<\/div><\/div><\/div>\n<\/div><\/div>\n\n\n\n<div class=\"wp-block-stackable-columns alignfull stk-block-columns stk-block stk-c95f235\" data-block-id=\"c95f235\"><style>.stk-c95f235 .stk--block-align-c95f235{align-items:center !important;}.stk-c95f235 {margin-top:var(--stk--preset--spacing--70, 3.38rem) !important;margin-bottom:var(--stk--preset--spacing--70, 3.38rem) !important;}<\/style><div class=\"stk-row stk-inner-blocks stk--block-align-c95f235 stk-block-content stk-content-align stk-c95f235-column alignwide\">\n<div class=\"wp-block-stackable-column stk-block-column stk-column stk-block stk-3f2bf14\" data-v=\"4\" data-block-id=\"3f2bf14\"><div class=\"stk-column-wrapper stk-block-column__content stk-container stk-3f2bf14-container stk--no-background stk--no-padding\"><div class=\"stk-block-content stk-inner-blocks stk-3f2bf14-inner-blocks\">\n<div class=\"wp-block-stackable-heading stk-block-heading stk-block-heading--v2 stk-block stk-a89e813\" id=\"heading-placeholder\" data-block-id=\"a89e813\"><h2 class=\"stk-block-heading__text\">JD GEMELOS INMOBILIARIOS: Estrategia Digital y Humana para Inversiones de \u00c9xito.<\/h2><\/div>\n\n\n\n<div class=\"wp-block-group\"><div class=\"wp-block-group__inner-container is-layout-constrained wp-block-group-is-layout-constrained\">\n<div class=\"wp-block-stackable-text stk-block-text stk-block stk-10d0f02\" data-block-id=\"10d0f02\"><p class=\"stk-block-text__text\">Somos una <strong>empresa moderna<\/strong> que ha nacido para <strong>revolucionar<\/strong> la forma tradicional de comprar y vender propiedades en el Eje Cafetero. No somos solo intermediarios; somos <strong>estrategas digitales inmobiliarios<\/strong> dedicados a optimizar tu experiencia, haci\u00e9ndola m\u00e1s r\u00e1pida, segura y transparente.<\/p><\/div>\n<\/div><\/div>\n<\/div><\/div><\/div>\n\n\n\n<div class=\"wp-block-stackable-column stk-block-column stk-column stk-block stk-1130053\" data-v=\"4\" data-block-id=\"1130053\"><div class=\"stk-column-wrapper stk-block-column__content stk-container stk-1130053-container stk--no-background stk--no-padding\"><div class=\"has-text-align-center stk-block-content stk-inner-blocks stk-1130053-inner-blocks\">\n<div class=\"wp-block-stackable-image stk-block-image stk-block stk-65c04a3\" data-block-id=\"65c04a3\"><style>.stk-65c04a3 .stk-img-wrapper{aspect-ratio:1\/1 !important;height:auto !important;}@media screen and (max-width: 1023px){.stk-65c04a3 .stk-img-wrapper{height:auto !important;}}@media screen and (max-width: 767px){.stk-65c04a3 .stk-img-wrapper{height:auto !important;}}<\/style><figure><span class=\"stk-img-wrapper stk-image--shape-stretch\"><img loading=\"lazy\" decoding=\"async\" class=\"stk-img wp-image-343\" src=\"https:\/\/jdgemelosinmobiliarios.com\/wp-content\/uploads\/2025\/11\/equipo.png\" width=\"940\" height=\"788\" srcset=\"https:\/\/jdgemelosinmobiliarios.com\/wp-content\/uploads\/2025\/11\/equipo.png 940w, https:\/\/jdgemelosinmobiliarios.com\/wp-content\/uploads\/2025\/11\/equipo-300x251.png 300w, https:\/\/jdgemelosinmobiliarios.com\/wp-content\/uploads\/2025\/11\/equipo-768x644.png 768w, https:\/\/jdgemelosinmobiliarios.com\/wp-content\/uploads\/2025\/11\/equipo-358x300.png 358w, https:\/\/jdgemelosinmobiliarios.com\/wp-content\/uploads\/2025\/11\/equipo-716x600.png 716w\" sizes=\"auto, (max-width: 940px) 100vw, 940px\" \/><\/span><\/figure><\/div>\n<\/div><\/div><\/div>\n<\/div><\/div>\n\n\n\n<div class=\"wp-block-stackable-columns alignfull stk-block-columns stk-block stk-d200949 stk-block-background\" data-block-id=\"d200949\"><style>.stk-d200949 {padding-top:var(--stk--preset--spacing--70, 3.38rem) !important;padding-right:var(--stk--preset--spacing--70, 3.38rem) !important;padding-bottom:var(--stk--preset--spacing--70, 3.38rem) !important;padding-left:var(--stk--preset--spacing--70, 3.38rem) !important;margin-bottom:0px !important;}<\/style><div class=\"stk-row stk-inner-blocks stk-block-content stk-content-align stk-d200949-column alignwide\">\n<div class=\"wp-block-stackable-column stk-block-column stk-column stk-block stk-d2f1b86\" data-v=\"4\" data-block-id=\"d2f1b86\"><div class=\"stk-column-wrapper stk-block-column__content stk-container stk-d2f1b86-container stk--no-background stk--no-padding\"><div class=\"has-text-align-center stk-block-content stk-inner-blocks stk-d2f1b86-inner-blocks\">\n<div class=\"wp-block-stackable-heading stk-block-heading stk-block-heading--v2 stk-block stk-c943dc2\" id=\"heading-placeholder\" data-block-id=\"c943dc2\"><h2 class=\"stk-block-heading__text\">nuestro equipo<\/h2><\/div>\n\n\n\n<div class=\"wp-block-stackable-columns stk-block-columns stk-block stk-3bf6176\" data-block-id=\"3bf6176\"><div class=\"stk-row stk-inner-blocks stk-block-content stk-content-align stk-3bf6176-column\">\n<div class=\"wp-block-stackable-column stk-block-column stk-column stk-block stk-b3b400b\" data-v=\"4\" data-block-id=\"b3b400b\"><div class=\"stk-column-wrapper stk-block-column__content stk-container stk-b3b400b-container stk--no-background stk--no-padding\"><div class=\"stk-block-content stk-inner-blocks stk-b3b400b-inner-blocks\">\n<div class=\"wp-block-stackable-image stk-block-image stk-block stk-3b822d7\" data-block-id=\"3b822d7\"><style>.stk-3b822d7 .stk-img-wrapper{aspect-ratio:1\/1 !important;height:auto !important;}@media screen and (max-width: 1023px){.stk-3b822d7 .stk-img-wrapper{height:auto !important;}}@media screen and (max-width: 767px){.stk-3b822d7 .stk-img-wrapper{height:auto !important;}}<\/style><figure><span class=\"stk-img-wrapper stk-image--shape-stretch\"><img loading=\"lazy\" decoding=\"async\" class=\"stk-img wp-image-343\" src=\"https:\/\/jdgemelosinmobiliarios.com\/wp-content\/uploads\/2025\/11\/equipo.png\" width=\"940\" height=\"788\" srcset=\"https:\/\/jdgemelosinmobiliarios.com\/wp-content\/uploads\/2025\/11\/equipo.png 940w, https:\/\/jdgemelosinmobiliarios.com\/wp-content\/uploads\/2025\/11\/equipo-300x251.png 300w, https:\/\/jdgemelosinmobiliarios.com\/wp-content\/uploads\/2025\/11\/equipo-768x644.png 768w, https:\/\/jdgemelosinmobiliarios.com\/wp-content\/uploads\/2025\/11\/equipo-358x300.png 358w, https:\/\/jdgemelosinmobiliarios.com\/wp-content\/uploads\/2025\/11\/equipo-716x600.png 716w\" sizes=\"auto, (max-width: 940px) 100vw, 940px\" \/><\/span><\/figure><\/div>\n\n\n\n<div class=\"wp-block-stackable-text stk-block-text stk-block stk-2b195d9\" data-block-id=\"2b195d9\"><style>.stk-2b195d9 {margin-bottom:16px !important;}.stk-2b195d9 .stk-block-text__text{font-weight:bold !important;}<\/style><p class=\"stk-block-text__text\">duvan<\/p><\/div>\n\n\n\n<div class=\"wp-block-stackable-subtitle stk-block-subtitle stk-block stk-c800078\" data-block-id=\"c800078\"><p class=\"stk-block-subtitle__text stk-subtitle\">director ejecutivo<\/p><\/div>\n<\/div><\/div><\/div>\n\n\n\n<div class=\"wp-block-stackable-column stk-block-column stk-column stk-block stk-6efb6a1\" data-v=\"4\" data-block-id=\"6efb6a1\"><div class=\"stk-column-wrapper stk-block-column__content stk-container stk-6efb6a1-container stk--no-background stk--no-padding\"><div class=\"stk-block-content stk-inner-blocks stk-6efb6a1-inner-blocks\">\n<div class=\"wp-block-stackable-image stk-block-image stk-block stk-28c31e3\" data-block-id=\"28c31e3\"><style>.stk-28c31e3 .stk-img-wrapper{aspect-ratio:1\/1 !important;height:auto !important;}@media screen and (max-width: 1023px){.stk-28c31e3 .stk-img-wrapper{height:auto !important;}}@media screen and (max-width: 767px){.stk-28c31e3 .stk-img-wrapper{height:auto !important;}}<\/style><figure><span class=\"stk-img-wrapper stk-image--shape-stretch\"><img loading=\"lazy\" decoding=\"async\" class=\"stk-img wp-image-343\" src=\"https:\/\/jdgemelosinmobiliarios.com\/wp-content\/uploads\/2025\/11\/equipo.png\" width=\"940\" height=\"788\" srcset=\"https:\/\/jdgemelosinmobiliarios.com\/wp-content\/uploads\/2025\/11\/equipo.png 940w, https:\/\/jdgemelosinmobiliarios.com\/wp-content\/uploads\/2025\/11\/equipo-300x251.png 300w, https:\/\/jdgemelosinmobiliarios.com\/wp-content\/uploads\/2025\/11\/equipo-768x644.png 768w, https:\/\/jdgemelosinmobiliarios.com\/wp-content\/uploads\/2025\/11\/equipo-358x300.png 358w, https:\/\/jdgemelosinmobiliarios.com\/wp-content\/uploads\/2025\/11\/equipo-716x600.png 716w\" sizes=\"auto, (max-width: 940px) 100vw, 940px\" \/><\/span><\/figure><\/div>\n\n\n\n<div class=\"wp-block-stackable-text stk-block-text stk-block stk-ac6b8eb\" data-block-id=\"ac6b8eb\"><style>.stk-ac6b8eb {margin-bottom:16px !important;}.stk-ac6b8eb .stk-block-text__text{font-weight:bold !important;}<\/style><p class=\"stk-block-text__text\">duvan<\/p><\/div>\n\n\n\n<div class=\"wp-block-stackable-subtitle stk-block-subtitle stk-block stk-dd8b2dd\" data-block-id=\"dd8b2dd\"><p class=\"stk-block-subtitle__text stk-subtitle\">experto en publicidad<\/p><\/div>\n<\/div><\/div><\/div>\n\n\n\n<div class=\"wp-block-stackable-column stk-block-column stk-column stk-block stk-2e15804\" data-v=\"4\" data-block-id=\"2e15804\"><div class=\"stk-column-wrapper stk-block-column__content stk-container stk-2e15804-container stk--no-background stk--no-padding\"><div class=\"stk-block-content stk-inner-blocks stk-2e15804-inner-blocks\">\n<div class=\"wp-block-stackable-image stk-block-image stk-block stk-1db9dc0\" data-block-id=\"1db9dc0\"><style>.stk-1db9dc0 .stk-img-wrapper{aspect-ratio:1\/1 !important;height:auto !important;}@media screen and (max-width: 1023px){.stk-1db9dc0 .stk-img-wrapper{height:auto !important;}}@media screen and (max-width: 767px){.stk-1db9dc0 .stk-img-wrapper{height:auto !important;}}<\/style><figure><span class=\"stk-img-wrapper stk-image--shape-stretch\"><img loading=\"lazy\" decoding=\"async\" class=\"stk-img wp-image-343\" src=\"https:\/\/jdgemelosinmobiliarios.com\/wp-content\/uploads\/2025\/11\/equipo.png\" width=\"940\" height=\"788\" srcset=\"https:\/\/jdgemelosinmobiliarios.com\/wp-content\/uploads\/2025\/11\/equipo.png 940w, https:\/\/jdgemelosinmobiliarios.com\/wp-content\/uploads\/2025\/11\/equipo-300x251.png 300w, https:\/\/jdgemelosinmobiliarios.com\/wp-content\/uploads\/2025\/11\/equipo-768x644.png 768w, https:\/\/jdgemelosinmobiliarios.com\/wp-content\/uploads\/2025\/11\/equipo-358x300.png 358w, https:\/\/jdgemelosinmobiliarios.com\/wp-content\/uploads\/2025\/11\/equipo-716x600.png 716w\" sizes=\"auto, (max-width: 940px) 100vw, 940px\" \/><\/span><\/figure><\/div>\n\n\n\n<div class=\"wp-block-stackable-text stk-block-text stk-block stk-dd8f990\" data-block-id=\"dd8f990\"><style>.stk-dd8f990 {margin-bottom:16px !important;}.stk-dd8f990 .stk-block-text__text{font-weight:bold !important;}<\/style><p class=\"stk-block-text__text\">duvan<\/p><\/div>\n\n\n\n<div class=\"wp-block-stackable-subtitle stk-block-subtitle stk-block stk-b6cd1aa\" data-block-id=\"b6cd1aa\"><p class=\"stk-block-subtitle__text stk-subtitle\">estratega digital inmoviliario<\/p><\/div>\n<\/div><\/div><\/div>\n<\/div><\/div>\n<\/div><\/div><\/div>\n<\/div><\/div>\n\n\n\n<div class=\"wp-block-stackable-columns alignfull stk-block-columns stk-block stk-6b5011b\" data-block-id=\"6b5011b\"><style>.stk-6b5011b {min-height:400px !important;align-items:center !important;margin-top:var(--stk--preset--spacing--70, 3.38rem) !important;margin-bottom:var(--stk--preset--spacing--70, 3.38rem) !important;display:flex !important;}<\/style><div class=\"stk-row stk-inner-blocks stk-block-content stk-content-align stk-6b5011b-column alignwide\">\n<div class=\"wp-block-stackable-column stk-block-column stk-column stk-block stk-a57d544\" data-v=\"4\" data-block-id=\"a57d544\"><style>.stk-a57d544-container{border-style:solid !important;}@media screen and (min-width: 768px){.stk-a57d544 {flex:var(--stk-flex-grow, 1) 1 calc(50% - var(--stk-column-gap, 0px) * 1 \/ 2 ) !important;}}<\/style><div class=\"stk-column-wrapper stk-block-column__content stk-container stk-a57d544-container stk-hover-parent\"><div class=\"stk-block-content stk-inner-blocks stk-a57d544-inner-blocks\">\n<div class=\"wp-block-stackable-heading stk-block-heading stk-block-heading--v2 stk-block stk-6d9854d\" id=\"heading-placeholder\" data-block-id=\"6d9854d\"><h2 class=\"stk-block-heading__text\">Nuestra Misi\u00f3n:<\/h2><\/div>\n\n\n\n<div class=\"wp-block-stackable-text stk-block-text stk-block stk-3d384f2\" data-block-id=\"3d384f2\"><p class=\"stk-block-text__text\">Construir un sistema donde compradores y vendedores se sientan seguros, informados y acompa\u00f1ados, <strong>sin intermediarios innecesarios y sin exclusividades.<\/strong><\/p><\/div>\n<\/div><\/div><\/div>\n\n\n\n<div class=\"wp-block-stackable-column stk-block-column stk-column stk-block stk-940b7d8\" data-v=\"4\" data-block-id=\"940b7d8\"><style>.stk-940b7d8-container{border-style:solid !important;}@media screen and (min-width: 768px){.stk-940b7d8 {flex:var(--stk-flex-grow, 1) 1 calc(50% - var(--stk-column-gap, 0px) * 1 \/ 2 ) !important;}}<\/style><div class=\"stk-column-wrapper stk-block-column__content stk-container stk-940b7d8-container stk-hover-parent\"><div class=\"stk-block-content stk-inner-blocks stk-940b7d8-inner-blocks\">\n<div class=\"wp-block-stackable-heading stk-block-heading stk-block-heading--v2 stk-block stk-8d645e7\" id=\"strong-nuestra-vision-strong\" data-block-id=\"8d645e7\"><style>.stk-8d645e7 {margin-bottom:5px !important;}<\/style><h3 class=\"stk-block-heading__text\"><strong>Nuestra Visi\u00f3n:<\/strong><\/h3><\/div>\n\n\n\n<p>Llevar nuestra nueva forma de hacer negocios inmobiliarios a Pereira, Dosquebradas, Santa Rosa y, pronto, a todas las ciudades principales de Colombia, <strong>conectando personas y creando oportunidades.<\/strong><\/p>\n<\/div><\/div><\/div>\n<\/div><\/div>\n","protected":false},"excerpt":{"rendered":"<p>Conectamos personas con sus pr\u00f3ximos hogares Soluciones inmobiliarias seguras, r\u00e1pidas y sin complicaciones.. Cont\u00e1ctanos JD GEMELOS INMOBILIARIOS: Estrategia Digital y Humana para Inversiones de \u00c9xito. Somos una empresa moderna que ha nacido para revolucionar la forma tradicional de comprar y vender propiedades en el Eje Cafetero. No somos solo intermediarios; somos estrategas digitales inmobiliarios dedicados [&hellip;]<\/p>\n","protected":false},"author":1,"featured_media":0,"parent":0,"menu_order":0,"comment_status":"closed","ping_status":"closed","template":"","meta":{"footnotes":""},"class_list":["post-269","page","type-page","status-publish","hentry"],"aioseo_notices":[],"_hostinger_reach_plugin_has_subscription_block":false,"_hostinger_reach_plugin_is_elementor":false,"_links":{"self":[{"href":"https:\/\/jdgemelosinmobiliarios.com\/index.php\/wp-json\/wp\/v2\/pages\/269","targetHints":{"allow":["GET"]}}],"collection":[{"href":"https:\/\/jdgemelosinmobiliarios.com\/index.php\/wp-json\/wp\/v2\/pages"}],"about":[{"href":"https:\/\/jdgemelosinmobiliarios.com\/index.php\/wp-json\/wp\/v2\/types\/page"}],"author":[{"embeddable":true,"href":"https:\/\/jdgemelosinmobiliarios.com\/index.php\/wp-json\/wp\/v2\/users\/1"}],"replies":[{"embeddable":true,"href":"https:\/\/jdgemelosinmobiliarios.com\/index.php\/wp-json\/wp\/v2\/comments?post=269"}],"version-history":[{"count":5,"href":"https:\/\/jdgemelosinmobiliarios.com\/index.php\/wp-json\/wp\/v2\/pages\/269\/revisions"}],"predecessor-version":[{"id":427,"href":"https:\/\/jdgemelosinmobiliarios.com\/index.php\/wp-json\/wp\/v2\/pages\/269\/revisions\/427"}],"wp:attachment":[{"href":"https:\/\/jdgemelosinmobiliarios.com\/index.php\/wp-json\/wp\/v2\/media?parent=269"}],"curies":[{"name":"wp","href":"https:\/\/api.w.org\/{rel}","templated":true}]}}